{"id":198,"date":"2023-11-02T19:31:40","date_gmt":"2023-11-02T19:31:40","guid":{"rendered":"https:\/\/773psi.net\/wordpress\/?page_id=198"},"modified":"2024-11-18T10:49:57","modified_gmt":"2024-11-18T10:49:57","slug":"documentos","status":"publish","type":"page","link":"https:\/\/773psi.net\/wordpress\/documentos\/","title":{"rendered":"Documentos"},"content":{"rendered":"<p>Aqui poder\u00e3o encontrar documentos partilhados pelo o Agrupamento.<\/p>\n<p><a href=\"https:\/\/773psi.net\/wordpress\/wp-content\/uploads\/2024\/11\/773-Reuniao-Pais-24-_25_VF.pdf\"><br \/>\n<strong>Apresenta\u00e7\u00e3o Reuni\u00e3o de Pais 24 -25<\/strong><br \/>\n<img loading=\"lazy\" decoding=\"async\" src=\"https:\/\/773psi.net\/wordpress\/wp-content\/uploads\/2024\/11\/MinPlan_24_25.png\" alt=\"\" width=\"300\" height=\"169\" class=\"size-medium wp-image-209\" \/><br \/>\n<\/a><\/p>\n<p><a href=\"https:\/\/773psi.net\/wordpress\/wp-content\/uploads\/2024\/11\/Agenda-Pastoral-2024-2025.xlsx\"><br \/>\n<strong>Agenda Pastoral 2024-2025<\/strong><br \/>\n<img loading=\"lazy\" decoding=\"async\" src=\"https:\/\/773psi.net\/wordpress\/wp-content\/uploads\/2024\/11\/AgendaPastoralMin.png\" alt=\"\" width=\"300\" height=\"169\" class=\"size-medium wp-image-209\" \/><br \/>\n<\/a><\/p>\n<p><a href=\"https:\/\/773psi.net\/wordpress\/wp-content\/uploads\/2023\/11\/Doc_Autorizacao_Atividades_02112021_2-1.pdf\"><br \/>\n<strong>Doc. Autoriza\u00e7\u00e3o de Atividades do Elemento<\/strong><br \/>\n<img loading=\"lazy\" decoding=\"async\" src=\"https:\/\/773psi.net\/wordpress\/wp-content\/uploads\/2023\/11\/Form_Atividades-233x300.jpg\" alt=\"\" width=\"233\" height=\"300\" class=\"size-medium wp-image-210\" srcset=\"https:\/\/773psi.net\/wordpress\/wp-content\/uploads\/2023\/11\/Form_Atividades-233x300.jpg 233w, https:\/\/773psi.net\/wordpress\/wp-content\/uploads\/2023\/11\/Form_Atividades-600x771.jpg 600w, https:\/\/773psi.net\/wordpress\/wp-content\/uploads\/2023\/11\/Form_Atividades.jpg 634w\" sizes=\"auto, (max-width: 233px) 100vw, 233px\" \/><br \/>\n<\/a><\/p>\n<p><a href=\"https:\/\/773psi.net\/wordpress\/wp-content\/uploads\/2023\/11\/32-SA-2022.pdf\"><br \/>\n<strong>Documenta\u00e7\u00e3o Sobre o Seguro Escutista e Ativa\u00e7\u00e3o<\/strong><br \/>\n<img loading=\"lazy\" decoding=\"async\" src=\"https:\/\/773psi.net\/wordpress\/wp-content\/uploads\/2023\/11\/image-4-300x285-1.png\" alt=\"\" width=\"300\" height=\"285\" class=\"size-medium wp-image-211\" \/><br \/>\n<\/a><\/p>\n<p><a href=\"https:\/\/773psi.net\/wordpress\/wp-content\/uploads\/2023\/11\/Pcivil_Solarius_ComAtividades.pdf\"><br \/>\n<strong>Folheto Pcivil Solarius &#8211; Comunica\u00e7\u00f5es de Atividades<\/strong><br \/>\n<img loading=\"lazy\" decoding=\"async\" src=\"https:\/\/773psi.net\/wordpress\/wp-content\/uploads\/2023\/11\/image-5-290x300-1.png\" alt=\"\" width=\"290\" height=\"300\" class=\"size-medium wp-image-212\" \/><br \/>\n<\/a><\/p>\n<p><a href=\"https:\/\/773psi.net\/wordpress\/wp-content\/uploads\/2023\/11\/Manual_3PSCOUT_V_1.pdf\"><br \/>\n<strong>Manual da Plataforma 3PScouts<\/strong><br \/>\n<img loading=\"lazy\" decoding=\"async\" src=\"https:\/\/773psi.net\/wordpress\/wp-content\/uploads\/2023\/11\/image-7-300x243.png\" alt=\"\" width=\"300\" height=\"243\" class=\"size-medium wp-image-208\" srcset=\"https:\/\/773psi.net\/wordpress\/wp-content\/uploads\/2023\/11\/image-7-300x243.png 300w, https:\/\/773psi.net\/wordpress\/wp-content\/uploads\/2023\/11\/image-7-600x485.png 600w, https:\/\/773psi.net\/wordpress\/wp-content\/uploads\/2023\/11\/image-7.png 707w\" sizes=\"auto, (max-width: 300px) 100vw, 300px\" \/><br \/>\n<\/a><\/p>\n","protected":false},"excerpt":{"rendered":"<p>Aqui poder\u00e3o encontrar documentos partilhados pelo o Agrupamento. Apresenta\u00e7\u00e3o Reuni\u00e3o de Pais 24 -25 Agenda Pastoral 2024-2025 Doc. Autoriza\u00e7\u00e3o de&#8230;<\/p>\n","protected":false},"author":1,"featured_media":0,"parent":0,"menu_order":0,"comment_status":"closed","ping_status":"closed","template":"","meta":{"_acf_changed":false,"footnotes":""},"class_list":["post-198","page","type-page","status-publish","hentry"],"acf":[],"_links":{"self":[{"href":"https:\/\/773psi.net\/wordpress\/wp-json\/wp\/v2\/pages\/198","targetHints":{"allow":["GET"]}}],"collection":[{"href":"https:\/\/773psi.net\/wordpress\/wp-json\/wp\/v2\/pages"}],"about":[{"href":"https:\/\/773psi.net\/wordpress\/wp-json\/wp\/v2\/types\/page"}],"author":[{"embeddable":true,"href":"https:\/\/773psi.net\/wordpress\/wp-json\/wp\/v2\/users\/1"}],"replies":[{"embeddable":true,"href":"https:\/\/773psi.net\/wordpress\/wp-json\/wp\/v2\/comments?post=198"}],"version-history":[{"count":7,"href":"https:\/\/773psi.net\/wordpress\/wp-json\/wp\/v2\/pages\/198\/revisions"}],"predecessor-version":[{"id":260,"href":"https:\/\/773psi.net\/wordpress\/wp-json\/wp\/v2\/pages\/198\/revisions\/260"}],"wp:attachment":[{"href":"https:\/\/773psi.net\/wordpress\/wp-json\/wp\/v2\/media?parent=198"}],"curies":[{"name":"wp","href":"https:\/\/api.w.org\/{rel}","templated":true}]}}